{"id":2235,"date":"2023-10-20T11:02:25","date_gmt":"2023-10-20T09:02:25","guid":{"rendered":"https:\/\/restaurantoxid.com\/avis-legal\/"},"modified":"2023-10-20T11:20:07","modified_gmt":"2023-10-20T09:20:07","slug":"avis-legal","status":"publish","type":"page","link":"https:\/\/restaurantoxid.com\/ca\/avis-legal\/","title":{"rendered":"Av\u00eds legal"},"content":{"rendered":"\t\t<div data-elementor-type=\"wp-page\" data-elementor-id=\"2235\" class=\"elementor elementor-2235 elementor-2197\" data-elementor-post-type=\"page\">\n\t\t\t\t<div class=\"elementor-element elementor-element-64396a6 e-flex e-con-boxed e-con e-parent\" data-id=\"64396a6\" data-element_type=\"container\" data-e-type=\"container\">\n\t\t\t\t\t<div class=\"e-con-inner\">\n\t\t\t\t<div class=\"elementor-element elementor-element-f13f7aa elementor-widget elementor-widget-text-editor\" data-id=\"f13f7aa\" data-element_type=\"widget\" data-e-type=\"widget\" data-widget_type=\"text-editor.default\">\n\t\t\t\t<div class=\"elementor-widget-container\">\n\t\t\t\t\t\t\t\t\t<h2>AV\u00cdS LEGAL I CONDICIONS GENERALS D&#8217; \u00daS<\/h2>\n<h4>https:\/\/restaurantoxid.com\/<\/h4>\n<h3>I. INFORMACI\u00d3 GENERAL<\/h3>\n<p>En compliment amb el deure d&#8217;informaci\u00f3 disposat en la Llei 34\/2002 de Serveis de la Societat de la Informaci\u00f3 i el Comer\u00e7 Electr\u00f2nic (LSSI-CE) d&#8217;11 de juliol, es faciliten a continuaci\u00f3 les seg\u00fcents dades d&#8217;informaci\u00f3 general d&#8217;aquest lloc web:<\/p>\n<p>La titularitat d&#8217;aquest lloc web, https:\/\/restaurantoxid.com\/, (en endavant, Lloc Web) l&#8217;ostenta: Galera Group S.L., prove\u00efda de NIF: i inscrita en: amb les seg\u00fcents dades registrals: , el representant de les quals \u00e9s: , i les dades de contacte de les quals s\u00f3n:<\/p>\n<p>Adre\u00e7a:<\/p>\n<p>Tel\u00e8fon de contacte:<\/p>\n<p>Email de contacte: marketing@galeragroup<\/p>\n<h3>II. TERMES I CONDICIONS GENERALS D&#8217; \u00daS<\/h3>\n<h4>L&#8217;objecte de les condicions: El Lloc Web<\/h4>\n<p>L&#8217;objecte de les presents Condicions Generals d&#8217;\u00das (en endavant, Condicions) \u00e9s regular l&#8217;acc\u00e9s i la utilitzaci\u00f3 del Lloc Web. Als efectes de les presents Condicions s&#8217;entendr\u00e0 com a Lloc Web: l&#8217;aparen\u00e7a externa dels interf\u00edcies de pantalla, tant de forma est\u00e0tica com de forma din\u00e0mica, \u00e9s a dir, l&#8217;arbre de navegaci\u00f3; i tots els elements integrats tant en els interf\u00edcies de pantalla com en l&#8217;arbre de navegaci\u00f3 (en endavant, Continguts) i tots aquells serveis o recursos en l\u00ednia que en el seu cas ofereixi als Usuaris (en endavant, Serveis).<\/p>\n<p>\u00d2xid Restaurant es reserva la facultat de modificar, en qualsevol moment, i sense av\u00eds previ, la presentaci\u00f3 i configuraci\u00f3 del Lloc Web i dels Continguts i Serveis que hi poguessin estar incorporats. L&#8217;Usuari reconeix i accepta que en qualsevol moment \u00d2xid Restaurant pugui interrompre, desactivar i\/o cancel\u00b7lar qualsevol d&#8217;aquests elements que s&#8217;integren en el Lloc Web o l&#8217;acc\u00e9s als mateixos.<\/p>\n<p>L&#8217;acc\u00e9s al Lloc Web per l&#8217;Usuari t\u00e9 car\u00e0cter lliure i, per regla general, \u00e9s gratu\u00eft sense que l&#8217;Usuari hagi de proporcionar una contraprestaci\u00f3 per poder gaudir-ne, excepte pel que fa al cost de connexi\u00f3 a trav\u00e9s de la xarxa de telecomunicacions subministrada pel prove\u00efdor d&#8217;acc\u00e9s que hagu\u00e9s contractat l&#8217;Usuari.<\/p>\n<p>La utilitzaci\u00f3 d&#8217;algun dels Continguts o Serveis del Lloc Web podr\u00e0 fer-se mitjan\u00e7ant la subscripci\u00f3 o registre previ de l&#8217;Usuari.<\/p>\n<h4>L&#8217;Usuari<\/h4>\n<p>L&#8217;acc\u00e9s, la navegaci\u00f3 i \u00fas del Lloc Web, confereix la condici\u00f3 d&#8217;Usuari, per la qual cosa s&#8217;accepten, des que s&#8217;inicia la navegaci\u00f3 pel Lloc Web, totes les Condicions aqu\u00ed establertes, aix\u00ed com les seves ulteriors modificacions, sense perjudici de l&#8217;aplicaci\u00f3 de la corresponent normativa legal d&#8217;obligat compliment segons el cas. Donada la rellev\u00e0ncia de l&#8217;anterior, es recomana a l&#8217;Usuari llegir-les cada vegada que visiti el Lloc Web.<\/p>\n<p>El Lloc Web d&#8217;\u00d2xid Restaurant proporciona gran diversitat d&#8217;informaci\u00f3, serveis i dades. L&#8217;Usuari assumeix la seva responsabilitat per realitzar un \u00fas correcte del Lloc Web. Aquesta responsabilitat s&#8217; estendr\u00e0 a:<\/p>\n<ul>\n<li>Un \u00fas de la informaci\u00f3, Continguts i\/o Serveis i dades ofertes per \u00d2xid Restaurant sense que sigui contrari al que disposen les presents Condicions, la Llei, la moral o l&#8217;ordre p\u00fablic, o que de qualsevol altra manera puguin suposar lesi\u00f3 dels drets de tercers o del mateix funcionament del Lloc Web.<\/li>\n<li>La veracitat i licitud de les informacions aportades per l&#8217;Usuari en els formularis estesos per \u00d2xid Restaurant per a l&#8217;acc\u00e9s a certs Continguts o Serveis oferts pel Lloc Web. En tot cas, l&#8217;Usuari notificar\u00e0 de forma immediata a \u00d2xid Restaurant sobre qualsevol fet que permeti l&#8217;\u00fas indegut de la informaci\u00f3 registrada en aquests formularis, com ara, per\u00f2 no nom\u00e9s, el robatori, extraviament, o l&#8217;acc\u00e9s no autoritzat a identificadors i\/o contrasenyes, per tal de procedir a la seva immediata cancel\u00b7laci\u00f3.<\/li>\n<\/ul>\n<p>El mer acc\u00e9s a aquest Lloc Web no suposa entaular cap tipus de relaci\u00f3 de car\u00e0cter comercial entre \u00d2xid Restaurant i l&#8217;Usuari.<\/p>\n<p>Sempre en el respecte de la legislaci\u00f3 vigent, aquest Lloc Web d&#8217;\u00d2xid Restaurant es dirigeix a totes les persones, sense importar la seva edat, que puguin accedir i\/o navegar per les p\u00e0gines del Lloc Web.<\/p>\n<p>El Lloc Web est\u00e0 dirigit principalment a Usuaris residents a Espanya. \u00d2xid Restaurant no assegura que el Lloc Web compleixi amb legislacions d&#8217;altres pa\u00efsos, ja sigui totalment o parcialment. Si l&#8217;Usuari resideix o t\u00e9 el seu domiciliat en un altre lloc i decideix accedir i\/o navegar en el Lloc Web ho far\u00e0 sota la seva pr\u00f2pia responsabilitat, haur\u00e0 d&#8217;assegurar-se que aquest acc\u00e9s i navegaci\u00f3 compleix amb la legislaci\u00f3 local que li \u00e9s aplicable, no assumint \u00d2xid Restaurant cap responsabilitat que es pugui derivar d&#8217;aquest acc\u00e9s.<\/p>\n<h3>III. ACC\u00c9S I NAVEGACI\u00d3 AL LLOC WEB: EXCLUSI\u00d3 DE GARANTIES I RESPONSABILITAT<\/h3>\n<p>\u00d2xid Restaurant no garanteix la continu\u00eftat, disponibilitat i utilitat del Lloc Web, ni dels Continguts o Serveis. \u00d2xid Restaurant far\u00e0 tot el possible pel bon funcionament del Lloc Web, per\u00f2, no es responsabilitza ni garanteix que l&#8217;acc\u00e9s a aquest Lloc Web no hagi de ser ininterromput o que estigui lliure d&#8217;error.<\/p>\n<p>Tampoc es responsabilitza o garanteix que el contingut o programari al qual pugui accedir-se a trav\u00e9s d&#8217;aquest Lloc Web, estigui lliure d&#8217;error o causi un dany al sistema inform\u00e0tic (programari i maquinari) de l&#8217;Usuari. En cap cas \u00d2xid Restaurant ser\u00e0 responsable per les p\u00e8rdues, danys o perjudicis de qualsevol tipus que sorgeixin per l&#8217;acc\u00e9s, navegaci\u00f3 i l&#8217;\u00fas del Lloc Web, incloent-se, per\u00f2 no limitant-se, als ocasionats als sistemes inform\u00e0tics o els provocats per la introducci\u00f3 de virus.<\/p>\n<p>\u00d2xid Restaurant tampoc es fa responsable dels danys que poguessin ocasionar-se als usuaris per un \u00fas inadequat d&#8217;aquest Lloc Web. En particular, no es fa responsable de cap manera de les caigudes, interrupcions, falta o defecte de les telecomunicacions que poguessin oc\u00f3rrer.<\/p>\n<h3>IV. POL\u00cdTICA D&#8217; ENLLA\u00c7OS<\/h3>\n<p>S&#8217;informa que el Lloc Web d&#8217;\u00d2xid Restaurant posa o pot posar a disposici\u00f3 dels Usuaris mitjans d&#8217;enlla\u00e7 (com, entre d&#8217;altres, links, b\u00e0ners, botons), directoris i motors de recerca que permeten als Usuaris accedir a llocs web pertanyents i\/o gestionats per tercers.<\/p>\n<p>La instal\u00b7laci\u00f3 d&#8217;aquests enlla\u00e7os, directoris i motors de recerca al Lloc Web t\u00e9 per objecte facilitar als Usuaris la recerca de i acc\u00e9s a la informaci\u00f3 disponible a Internet, sense que es pugui considerar un suggeriment, recomanaci\u00f3 o invitaci\u00f3 per a la visita dels mateixos.<\/p>\n<p>\u00d2xid Restaurant no ofereix ni comercialitza per si ni per mitj\u00e0 de tercers els productes i\/o serveis disponibles en aquests llocs enlla\u00e7ats.<\/p>\n<p>Aix\u00ed mateix, tampoc garantir\u00e0 la disponibilitat t\u00e8cnica, exactitud, veracitat, validesa o legalitat de llocs aliens a la seva propietat als quals es pugui accedir per mitj\u00e0 dels enlla\u00e7os.<\/p>\n<p>\u00d2xid Restaurant en cap cas revisar\u00e0 o controlar\u00e0 el contingut d&#8217;altres llocs web, aix\u00ed com tampoc aprova, examina ni fa propis els productes i serveis, continguts, arxius i qualsevol altre material existent en els referits llocs enlla\u00e7ats.<\/p>\n<p>\u00d2xid Restaurant no assumeix cap responsabilitat pels danys i perjudicis que poguessin produir-se per l&#8217;acc\u00e9s, \u00fas, qualitat o licitud dels continguts, comunicacions, opinions, productes i serveis dels llocs web no gestionats per \u00d2xid Restaurant i que siguin enlla\u00e7ats en aquest Lloc Web.<\/p>\n<p>L&#8217;Usuari o tercer que realitzi un hipervincle des d&#8217;una p\u00e0gina web d&#8217;un altre, diferent, lloc web al Lloc Web d&#8217;\u00d2xid Restaurant haur\u00e0 de saber que:<\/p>\n<p>No es permet la reproducci\u00f3 \u2014totalment o parcialment\u2014 de cap dels Continguts i\/o Serveis del Lloc Web sense autoritzaci\u00f3 expressa d&#8217;\u00d2xid Restaurant.<\/p>\n<p>No es permet tampoc cap manifestaci\u00f3 falsa, inexacta o incorrecta sobre el Lloc Web d&#8217;\u00d2xid Restaurant, ni sobre els Continguts i\/o Serveis del mateix.<\/p>\n<p>A excepci\u00f3 de l&#8217;hipervincle, el lloc web en el qual s&#8217;estableixi aquest hiperenlla\u00e7 no contindr\u00e0 cap element, d&#8217;aquest Lloc Web, protegit com a propietat intel\u00b7lectual per l&#8217;ordenament jur\u00eddic espanyol, llevat d&#8217;autoritzaci\u00f3 expressa d&#8217;\u00d2xid Restaurant.<\/p>\n<p>L&#8217;establiment de l&#8217;hipervincle no implicar\u00e0 l&#8217;exist\u00e8ncia de relacions entre \u00d2xid Restaurant i el titular del lloc web des del qual es realitzi, ni el coneixement i acceptaci\u00f3 d&#8217;\u00d2xid Restaurant dels continguts, serveis i\/o activitats ofertes en aquest lloc web, i viceversa.<\/p>\n<h3>V. PROPIETAT INTEL\u00b7LECTUAL I INDUSTRIAL<\/h3>\n<p>\u00d2xid Restaurant per si mateix o com a part cession\u00e0ria, \u00e9s titular de tots els drets de propietat intel\u00b7lectual i industrial del Lloc Web, aix\u00ed com dels elements continguts en el mateix (a t\u00edtol enunciatiu i no exhaustiu, imatges, so, \u00e0udio, v\u00eddeo, programari o textos, marques o logotips, combinacions de colors, estructura i disseny, selecci\u00f3 de materials usats,  programes d&#8217; ordinador necessaris per al seu funcionament, acc\u00e9s i \u00fas, etc.). Seran, per tant, obres protegides com a propietat intel\u00b7lectual per l&#8217;ordenament jur\u00eddic espanyol, sent-los aplicables tant la normativa espanyola i comunit\u00e0ria en aquest camp, com els tractats internacionals relatius a la mat\u00e8ria i subscrits per Espanya.<\/p>\n<p>Tots els drets reservats. En virtut del que disposa la Llei de Propietat Intel\u00b7lectual, queden expressament prohibides la reproducci\u00f3, la distribuci\u00f3 i la comunicaci\u00f3 p\u00fablica, inclosa la seva modalitat de posada a disposici\u00f3, de la totalitat o part dels continguts d&#8217;aquesta p\u00e0gina web, amb finalitats comercials, en qualsevol suport i per qualsevol mitj\u00e0 t\u00e8cnic, sense l&#8217;autoritzaci\u00f3 d&#8217;\u00d2xid Restaurant.<\/p>\n<p>L&#8217;Usuari es compromet a respectar els drets de propietat intel\u00b7lectual i industrial d&#8217;\u00d2xid Restaurant. Podr\u00e0 visualitzar els elements del Lloc Web o fins i tot imprimir-los, copiar-los i emmagatzemar-los en el disc dur del seu ordinador o en qualsevol altre suport f\u00edsic sempre que sigui, exclusivament, per al seu \u00fas personal. L&#8217;Usuari, per\u00f2, no podr\u00e0 suprimir, alterar, o manipular qualsevol dispositiu de protecci\u00f3 o sistema de seguretat que estigu\u00e9s instal\u00b7lat al Lloc Web.<\/p>\n<p>En cas que l&#8217;Usuari o tercer consideri que qualsevol dels Continguts del Lloc Web suposi una violaci\u00f3 dels drets de protecci\u00f3 de la propietat intel\u00b7lectual, haur\u00e0 de comunicar-ho immediatament a \u00d2xid Restaurant a trav\u00e9s de les dades de contacte de l&#8217;apartat d&#8217;INFORMACI\u00d3 GENERAL d&#8217;aquest Av\u00eds Legal i Condicions Generals d&#8217;\u00das.<\/p>\n<h3>VI. ACCIONS LEGALS, LEGISLACI\u00d3 APLICABLE I JURISDICCI\u00d3<\/h3>\n<p>\u00d2xid Restaurant es reserva la facultat de presentar les accions civils o penals que consideri necess\u00e0ries per la utilitzaci\u00f3 indeguda del Lloc Web i Continguts, o per l&#8217;incompliment de les presents Condicions.<\/p>\n<p>La relaci\u00f3 entre l&#8217; Usuari i \u00d2xid Restaurant es regir\u00e0 per la normativa vigent i d&#8217; aplicaci\u00f3 al territori espanyol. De sorgir qualsevol controv\u00e8rsia en relaci\u00f3 amb la interpretaci\u00f3 i\/o a l&#8217;aplicaci\u00f3 d&#8217;aquestes Condicions les parts sotmetran els seus conflictes a la jurisdicci\u00f3 ordin\u00e0ria sotmetent-se als jutges i tribunals que corresponguin conforme a dret.<\/p>\n<p>Aquest document d&#8217;Av\u00eds Legal i Condicions Generals d&#8217;\u00fas del lloc web ha estat creat mitjan\u00e7ant el generador de <a href=\"https:\/\/textos-legales.edgartamarit.com\/\" target=\"_blank\" rel=\"noopener\">plantilla d&#8217;av\u00eds legal i condicions d&#8217;\u00fas<\/a> online el dia 20\/10\/2023.<\/p>\n\t\t\t\t\t\t\t\t<\/div>\n\t\t\t\t<\/div>\n\t\t\t\t\t<\/div>\n\t\t\t\t<\/div>\n\t\t\t\t<\/div>\n\t\t","protected":false},"excerpt":{"rendered":"<p>AV\u00cdS LEGAL I CONDICIONS GENERALS D&#8217; \u00daS https:\/\/restaurantoxid.com\/ I. INFORMACI\u00d3 GENERAL En compliment amb el deure d&#8217;informaci\u00f3 disposat en la Llei 34\/2002 de Serveis de la Societat de la Informaci\u00f3 i el Comer\u00e7 Electr\u00f2nic (LSSI-CE) d&#8217;11 de juliol, es faciliten a continuaci\u00f3 les seg\u00fcents dades d&#8217;informaci\u00f3 general d&#8217;aquest lloc web: La titularitat d&#8217;aquest lloc web, [&hellip;]<\/p>\n","protected":false},"author":1,"featured_media":0,"parent":0,"menu_order":0,"comment_status":"closed","ping_status":"closed","template":"","meta":{"site-sidebar-layout":"no-sidebar","site-content-layout":"","ast-site-content-layout":"default","site-content-style":"default","site-sidebar-style":"default","ast-global-header-display":"","ast-banner-title-visibility":"","ast-main-header-display":"","ast-hfb-above-header-display":"","ast-hfb-below-header-display":"","ast-hfb-mobile-header-display":"","site-post-title":"disabled","ast-breadcrumbs-content":"","ast-featured-img":"disabled","footer-sml-layout":"","ast-disable-related-posts":"","theme-transparent-header-meta":"","adv-header-id-meta":"","stick-header-meta":"","header-above-stick-meta":"","header-main-stick-meta":"","header-below-stick-meta":"","astra-migrate-meta-layouts":"default","ast-page-background-enabled":"default","ast-page-background-meta":{"desktop":{"background-color":"var(--ast-global-color-4)","background-image":"","background-repeat":"repeat","background-position":"center center","background-size":"auto","background-attachment":"scroll","background-type":"","background-media":"","overlay-type":"","overlay-color":"","overlay-opacity":"","overlay-gradient":""},"tablet":{"background-color":"","background-image":"","background-repeat":"repeat","background-position":"center center","background-size":"auto","background-attachment":"scroll","background-type":"","background-media":"","overlay-type":"","overlay-color":"","overlay-opacity":"","overlay-gradient":""},"mobile":{"background-color":"","background-image":"","background-repeat":"repeat","background-position":"center center","background-size":"auto","background-attachment":"scroll","background-type":"","background-media":"","overlay-type":"","overlay-color":"","overlay-opacity":"","overlay-gradient":""}},"ast-content-background-meta":{"desktop":{"background-color":"var(--ast-global-color-5)","background-image":"","background-repeat":"repeat","background-position":"center center","background-size":"auto","background-attachment":"scroll","background-type":"","background-media":"","overlay-type":"","overlay-color":"","overlay-opacity":"","overlay-gradient":""},"tablet":{"background-color":"var(--ast-global-color-5)","background-image":"","background-repeat":"repeat","background-position":"center center","background-size":"auto","background-attachment":"scroll","background-type":"","background-media":"","overlay-type":"","overlay-color":"","overlay-opacity":"","overlay-gradient":""},"mobile":{"background-color":"var(--ast-global-color-5)","background-image":"","background-repeat":"repeat","background-position":"center center","background-size":"auto","background-attachment":"scroll","background-type":"","background-media":"","overlay-type":"","overlay-color":"","overlay-opacity":"","overlay-gradient":""}},"footnotes":""},"class_list":["post-2235","page","type-page","status-publish","hentry"],"_links":{"self":[{"href":"https:\/\/restaurantoxid.com\/ca\/wp-json\/wp\/v2\/pages\/2235","targetHints":{"allow":["GET"]}}],"collection":[{"href":"https:\/\/restaurantoxid.com\/ca\/wp-json\/wp\/v2\/pages"}],"about":[{"href":"https:\/\/restaurantoxid.com\/ca\/wp-json\/wp\/v2\/types\/page"}],"author":[{"embeddable":true,"href":"https:\/\/restaurantoxid.com\/ca\/wp-json\/wp\/v2\/users\/1"}],"replies":[{"embeddable":true,"href":"https:\/\/restaurantoxid.com\/ca\/wp-json\/wp\/v2\/comments?post=2235"}],"version-history":[{"count":0,"href":"https:\/\/restaurantoxid.com\/ca\/wp-json\/wp\/v2\/pages\/2235\/revisions"}],"wp:attachment":[{"href":"https:\/\/restaurantoxid.com\/ca\/wp-json\/wp\/v2\/media?parent=2235"}],"curies":[{"name":"wp","href":"https:\/\/api.w.org\/{rel}","templated":true}]}}